{"id":333,"date":"2022-12-30T11:10:45","date_gmt":"2022-12-30T16:10:45","guid":{"rendered":"https:\/\/ubigroupec.com\/?page_id=333"},"modified":"2023-03-13T10:53:15","modified_gmt":"2023-03-13T15:53:15","slug":"notiagro","status":"publish","type":"page","link":"https:\/\/ubigroupec.com\/en\/notiagro\/","title":{"rendered":"Notiagro"},"content":{"rendered":"<div data-elementor-type=\"wp-page\" data-elementor-id=\"333\" class=\"elementor elementor-333\">\n\t\t\t\t\t\t<section class=\"elementor-section elementor-top-section elementor-element elementor-element-acfca81 elementor-section-boxed elementor-section-height-default elementor-section-height-default\" data-id=\"acfca81\" data-element_type=\"section\">\n\t\t\t\t\t\t<div class=\"elementor-container elementor-column-gap-default\">\n\t\t\t\t\t<div class=\"elementor-column elementor-col-100 elementor-top-column elementor-element elementor-element-7b2247b\" data-id=\"7b2247b\" data-element_type=\"column\">\n\t\t\t<div class=\"elementor-widget-wrap elementor-element-populated\">\n\t\t\t\t\t\t<section class=\"elementor-section elementor-inner-section elementor-element elementor-element-5277805 animated-slow elementor-section-boxed elementor-section-height-default elementor-section-height-default elementor-invisible\" data-id=\"5277805\" data-element_type=\"section\" data-settings=\"{&quot;background_background&quot;:&quot;classic&quot;,&quot;animation&quot;:&quot;fadeIn&quot;}\">\n\t\t\t\t\t\t<div class=\"elementor-container elementor-column-gap-default\">\n\t\t\t\t\t<div class=\"elementor-column elementor-col-100 elementor-inner-column elementor-element elementor-element-ec598b3\" data-id=\"ec598b3\" data-element_type=\"column\">\n\t\t\t<div class=\"elementor-widget-wrap elementor-element-populated\">\n\t\t\t\t\t\t<div class=\"elementor-element elementor-element-11ee1b8 animated-slow elementor-invisible elementor-widget elementor-widget-heading\" data-id=\"11ee1b8\" data-element_type=\"widget\" data-settings=\"{&quot;_animation&quot;:&quot;fadeInDown&quot;,&quot;_animation_delay&quot;:200}\" data-widget_type=\"heading.default\">\n\t\t\t\t<div class=\"elementor-widget-container\">\n\t\t\t\t\t<h2 class=\"elementor-heading-title elementor-size-default\">Notiagro<\/h2>\t\t\t\t<\/div>\n\t\t\t\t<\/div>\n\t\t\t\t<div class=\"elementor-element elementor-element-10ddc4f animated-slow elementor-invisible elementor-widget elementor-widget-heading\" data-id=\"10ddc4f\" data-element_type=\"widget\" data-settings=\"{&quot;_animation&quot;:&quot;fadeInUp&quot;,&quot;_animation_delay&quot;:200}\" data-widget_type=\"heading.default\">\n\t\t\t\t<div class=\"elementor-widget-container\">\n\t\t\t\t\t<p class=\"elementor-heading-title elementor-size-default\">Keep up with the latest news about UBIGROUP's and its enterprises' management.<\/p>\t\t\t\t<\/div>\n\t\t\t\t<\/div>\n\t\t\t\t\t<\/div>\n\t\t<\/div>\n\t\t\t\t\t<\/div>\n\t\t<\/section>\n\t\t\t\t\t<\/div>\n\t\t<\/div>\n\t\t\t\t\t<\/div>\n\t\t<\/section>\n\t\t\t\t<section class=\"elementor-section elementor-top-section elementor-element elementor-element-d5214bf elementor-section-boxed elementor-section-height-default elementor-section-height-default\" data-id=\"d5214bf\" data-element_type=\"section\">\n\t\t\t\t\t\t<div class=\"elementor-container elementor-column-gap-default\">\n\t\t\t\t\t<div class=\"elementor-column elementor-col-100 elementor-top-column elementor-element elementor-element-99ba189\" data-id=\"99ba189\" data-element_type=\"column\">\n\t\t\t<div class=\"elementor-widget-wrap elementor-element-populated\">\n\t\t\t\t\t\t<div class=\"elementor-element elementor-element-b588a77 elementor-widget rivax-post-elastic-widget\" data-id=\"b588a77\" data-element_type=\"widget\" data-widget_type=\"rivax-post-elastic.default\">\n\t\t\t\t<div class=\"elementor-widget-container\">\n\t\t\t\t\t<div class=\"rivax-posts-container\">\r\n    <div class=\"rivax-posts-wrapper layout-grid\">\r\n                <div class=\"post-item\">\r\n    <article class=\"post-wrapper post-110 post type-post status-publish format-standard has-post-thumbnail hentry category-uncategorized\">\r\n                    <div class=\"image-wrapper\">\r\n                <a class=\"rivax-position-cover rivax-z-index-10\" href=\"https:\/\/ubigroupec.com\/en\/ubigroup-participa-como-invitado-en-fruit-attraction-ifema-madrid-2022\/\"><\/a>\r\n                <img fetchpriority=\"high\" decoding=\"async\" width=\"1920\" height=\"720\" src=\"https:\/\/ubigroupec.com\/wp-content\/uploads\/2022\/12\/e1.jpg\" class=\"attachment-full size-full wp-post-image\" alt=\"\" title=\"UBIGROUP participates as a guest at fruit attraction - IFEMA MADRID 2022\" srcset=\"https:\/\/ubigroupec.com\/wp-content\/uploads\/2022\/12\/e1.jpg 1920w, https:\/\/ubigroupec.com\/wp-content\/uploads\/2022\/12\/e1-600x225.jpg 600w, https:\/\/ubigroupec.com\/wp-content\/uploads\/2022\/12\/e1-300x113.jpg 300w, https:\/\/ubigroupec.com\/wp-content\/uploads\/2022\/12\/e1-1024x384.jpg 1024w, https:\/\/ubigroupec.com\/wp-content\/uploads\/2022\/12\/e1-768x288.jpg 768w, https:\/\/ubigroupec.com\/wp-content\/uploads\/2022\/12\/e1-1536x576.jpg 1536w, https:\/\/ubigroupec.com\/wp-content\/uploads\/2022\/12\/e1-18x7.jpg 18w, https:\/\/ubigroupec.com\/wp-content\/uploads\/2022\/12\/e1-400x150.jpg 400w, https:\/\/ubigroupec.com\/wp-content\/uploads\/2022\/12\/e1-700x263.jpg 700w\" sizes=\"(max-width: 1920px) 100vw, 1920px\" \/>                            <\/div>\r\n                <div class=\"content-wrapper\">\r\n                                <h3 class=\"title\">\r\n        <a href=\"https:\/\/ubigroupec.com\/en\/ubigroup-participa-como-invitado-en-fruit-attraction-ifema-madrid-2022\/\" class=\"title-animation-default\" title=\"UBIGROUP participates as a guest at fruit attraction - IFEMA MADRID 2022\">\r\n            UBIGROUP participates as a guest at fruit attraction - IFEMA MADRID 2022        <\/a>\r\n        <\/h3>\r\n                    <div class=\"meta-wrapper\">\r\n                                        <div class=\"date\">\r\n            <i class=\"ri-calendar-2-line\"><\/i>\r\n            December 12, 2022        <\/div>\r\n\r\n                            <\/div>\r\n                                <\/div>\r\n    <\/article>\r\n<\/div><div class=\"post-item\">\r\n    <article class=\"post-wrapper post-108 post type-post status-publish format-standard has-post-thumbnail hentry category-uncategorized\">\r\n                    <div class=\"image-wrapper\">\r\n                <a class=\"rivax-position-cover rivax-z-index-10\" href=\"https:\/\/ubigroupec.com\/en\/ubagro-s-a-empresa-de-ubigroup-distribuidor-exclusivo\/\"><\/a>\r\n                <img decoding=\"async\" width=\"1920\" height=\"720\" src=\"https:\/\/ubigroupec.com\/wp-content\/uploads\/2022\/12\/e2.jpg\" class=\"attachment-full size-full wp-post-image\" alt=\"\" title=\"Ubagro S.A. company of Ubigroup - Exclusive distributor\" srcset=\"https:\/\/ubigroupec.com\/wp-content\/uploads\/2022\/12\/e2.jpg 1920w, https:\/\/ubigroupec.com\/wp-content\/uploads\/2022\/12\/e2-600x225.jpg 600w, https:\/\/ubigroupec.com\/wp-content\/uploads\/2022\/12\/e2-300x113.jpg 300w, https:\/\/ubigroupec.com\/wp-content\/uploads\/2022\/12\/e2-1024x384.jpg 1024w, https:\/\/ubigroupec.com\/wp-content\/uploads\/2022\/12\/e2-768x288.jpg 768w, https:\/\/ubigroupec.com\/wp-content\/uploads\/2022\/12\/e2-1536x576.jpg 1536w, https:\/\/ubigroupec.com\/wp-content\/uploads\/2022\/12\/e2-18x7.jpg 18w, https:\/\/ubigroupec.com\/wp-content\/uploads\/2022\/12\/e2-400x150.jpg 400w, https:\/\/ubigroupec.com\/wp-content\/uploads\/2022\/12\/e2-700x263.jpg 700w\" sizes=\"(max-width: 1920px) 100vw, 1920px\" \/>                            <\/div>\r\n                <div class=\"content-wrapper\">\r\n                                <h3 class=\"title\">\r\n        <a href=\"https:\/\/ubigroupec.com\/en\/ubagro-s-a-empresa-de-ubigroup-distribuidor-exclusivo\/\" class=\"title-animation-default\" title=\"Ubagro S.A. company of Ubigroup - Exclusive distributor\">\r\n            Ubagro S.A. company of Ubigroup - Exclusive distributor        <\/a>\r\n        <\/h3>\r\n                    <div class=\"meta-wrapper\">\r\n                                        <div class=\"date\">\r\n            <i class=\"ri-calendar-2-line\"><\/i>\r\n            December 12, 2022        <\/div>\r\n\r\n                            <\/div>\r\n                                <\/div>\r\n    <\/article>\r\n<\/div><div class=\"post-item\">\r\n    <article class=\"post-wrapper post-103 post type-post status-publish format-standard has-post-thumbnail hentry category-uncategorized\">\r\n                    <div class=\"image-wrapper\">\r\n                <a class=\"rivax-position-cover rivax-z-index-10\" href=\"https:\/\/ubigroupec.com\/en\/ubisilos-s-a-inicia-obra-civil\/\"><\/a>\r\n                <img decoding=\"async\" width=\"1920\" height=\"720\" src=\"https:\/\/ubigroupec.com\/wp-content\/uploads\/2022\/12\/e3.jpg\" class=\"attachment-full size-full wp-post-image\" alt=\"\" title=\"Ubisilos S.A. starts civil works\" srcset=\"https:\/\/ubigroupec.com\/wp-content\/uploads\/2022\/12\/e3.jpg 1920w, https:\/\/ubigroupec.com\/wp-content\/uploads\/2022\/12\/e3-600x225.jpg 600w, https:\/\/ubigroupec.com\/wp-content\/uploads\/2022\/12\/e3-300x113.jpg 300w, https:\/\/ubigroupec.com\/wp-content\/uploads\/2022\/12\/e3-1024x384.jpg 1024w, https:\/\/ubigroupec.com\/wp-content\/uploads\/2022\/12\/e3-768x288.jpg 768w, https:\/\/ubigroupec.com\/wp-content\/uploads\/2022\/12\/e3-1536x576.jpg 1536w, https:\/\/ubigroupec.com\/wp-content\/uploads\/2022\/12\/e3-18x7.jpg 18w, https:\/\/ubigroupec.com\/wp-content\/uploads\/2022\/12\/e3-400x150.jpg 400w, https:\/\/ubigroupec.com\/wp-content\/uploads\/2022\/12\/e3-700x263.jpg 700w\" sizes=\"(max-width: 1920px) 100vw, 1920px\" \/>                            <\/div>\r\n                <div class=\"content-wrapper\">\r\n                                <h3 class=\"title\">\r\n        <a href=\"https:\/\/ubigroupec.com\/en\/ubisilos-s-a-inicia-obra-civil\/\" class=\"title-animation-default\" title=\"Ubisilos S.A. starts civil works\">\r\n            Ubisilos S.A. starts civil works        <\/a>\r\n        <\/h3>\r\n                    <div class=\"meta-wrapper\">\r\n                                        <div class=\"date\">\r\n            <i class=\"ri-calendar-2-line\"><\/i>\r\n            December 12, 2022        <\/div>\r\n\r\n                            <\/div>\r\n                                <\/div>\r\n    <\/article>\r\n<\/div>            <\/div>\r\n    <\/div>\r\n\t\t\t\t<\/div>\n\t\t\t\t<\/div>\n\t\t\t\t\t<\/div>\n\t\t<\/div>\n\t\t\t\t\t<\/div>\n\t\t<\/section>\n\t\t\t\t<\/div>","protected":false},"excerpt":{"rendered":"<p>Notiagro Mantente informado sobre a la gesti\u00f3n de UBIGROUP y todas sus empresas. UBIGROUP participa como invitado en Fruit Attraction- IFEMA MADRID 2022 diciembre 12, 2022 Ubagro S.A. empresa de Ubigroup- Distribuidor Exclusivo diciembre 12, 2022 Ubisilos S.A. inicia obra civil diciembre 12, 2022<\/p>","protected":false},"author":1,"featured_media":0,"parent":0,"menu_order":0,"comment_status":"closed","ping_status":"closed","template":"elementor_header_footer","meta":{"footnotes":""},"yoast_head":"<!-- This site is optimized with the Yoast SEO plugin v24.5 - https:\/\/yoast.com\/wordpress\/plugins\/seo\/ -->\n<title>Notiagro - Ubigroup<\/title>\n<meta name=\"robots\" content=\"index, follow, max-snippet:-1, max-image-preview:large, max-video-preview:-1\" \/>\n<link rel=\"canonical\" href=\"https:\/\/ubigroupec.com\/en\/notiagro\/\" \/>\n<meta property=\"og:locale\" content=\"en_US\" \/>\n<meta property=\"og:type\" content=\"article\" \/>\n<meta property=\"og:title\" content=\"Notiagro - Ubigroup\" \/>\n<meta property=\"og:description\" content=\"Notiagro Mantente informado sobre a la gesti\u00f3n de UBIGROUP y todas sus empresas. UBIGROUP participa como invitado en Fruit Attraction- IFEMA MADRID 2022 diciembre 12, 2022 Ubagro S.A. empresa de Ubigroup- Distribuidor Exclusivo diciembre 12, 2022 Ubisilos S.A. inicia obra civil diciembre 12, 2022\" \/>\n<meta property=\"og:url\" content=\"https:\/\/ubigroupec.com\/en\/notiagro\/\" \/>\n<meta property=\"og:site_name\" content=\"Ubigroup\" \/>\n<meta property=\"article:publisher\" content=\"https:\/\/www.facebook.com\/UbagroS\/\" \/>\n<meta property=\"article:modified_time\" content=\"2023-03-13T15:53:15+00:00\" \/>\n<meta property=\"og:image\" content=\"https:\/\/ubigroupec.com\/wp-content\/uploads\/2022\/12\/e1.jpg\" \/>\n<meta name=\"twitter:card\" content=\"summary_large_image\" \/>\n<script type=\"application\/ld+json\" class=\"yoast-schema-graph\">{\"@context\":\"https:\/\/schema.org\",\"@graph\":[{\"@type\":\"WebPage\",\"@id\":\"https:\/\/ubigroupec.com\/notiagro\/\",\"url\":\"https:\/\/ubigroupec.com\/notiagro\/\",\"name\":\"Notiagro - Ubigroup\",\"isPartOf\":{\"@id\":\"https:\/\/ubigroupec.com\/#website\"},\"primaryImageOfPage\":{\"@id\":\"https:\/\/ubigroupec.com\/notiagro\/#primaryimage\"},\"image\":{\"@id\":\"https:\/\/ubigroupec.com\/notiagro\/#primaryimage\"},\"thumbnailUrl\":\"https:\/\/ubigroupec.com\/wp-content\/uploads\/2022\/12\/e1.jpg\",\"datePublished\":\"2022-12-30T16:10:45+00:00\",\"dateModified\":\"2023-03-13T15:53:15+00:00\",\"breadcrumb\":{\"@id\":\"https:\/\/ubigroupec.com\/notiagro\/#breadcrumb\"},\"inLanguage\":\"en-US\",\"potentialAction\":[{\"@type\":\"ReadAction\",\"target\":[\"https:\/\/ubigroupec.com\/notiagro\/\"]}]},{\"@type\":\"ImageObject\",\"inLanguage\":\"en-US\",\"@id\":\"https:\/\/ubigroupec.com\/notiagro\/#primaryimage\",\"url\":\"https:\/\/ubigroupec.com\/wp-content\/uploads\/2022\/12\/e1.jpg\",\"contentUrl\":\"https:\/\/ubigroupec.com\/wp-content\/uploads\/2022\/12\/e1.jpg\"},{\"@type\":\"BreadcrumbList\",\"@id\":\"https:\/\/ubigroupec.com\/notiagro\/#breadcrumb\",\"itemListElement\":[{\"@type\":\"ListItem\",\"position\":1,\"name\":\"Portada\",\"item\":\"https:\/\/ubigroupec.com\/\"},{\"@type\":\"ListItem\",\"position\":2,\"name\":\"Notiagro\"}]},{\"@type\":\"WebSite\",\"@id\":\"https:\/\/ubigroupec.com\/#website\",\"url\":\"https:\/\/ubigroupec.com\/\",\"name\":\"UBIGROUP\",\"description\":\"Innovaci\u00f3n y tecnolog\u00eda agr\u00edcola\",\"publisher\":{\"@id\":\"https:\/\/ubigroupec.com\/#organization\"},\"alternateName\":\"UBIGROUP\",\"potentialAction\":[{\"@type\":\"SearchAction\",\"target\":{\"@type\":\"EntryPoint\",\"urlTemplate\":\"https:\/\/ubigroupec.com\/?s={search_term_string}\"},\"query-input\":{\"@type\":\"PropertyValueSpecification\",\"valueRequired\":true,\"valueName\":\"search_term_string\"}}],\"inLanguage\":\"en-US\"},{\"@type\":\"Organization\",\"@id\":\"https:\/\/ubigroupec.com\/#organization\",\"name\":\"UBIGROUP\",\"url\":\"https:\/\/ubigroupec.com\/\",\"logo\":{\"@type\":\"ImageObject\",\"inLanguage\":\"en-US\",\"@id\":\"https:\/\/ubigroupec.com\/#\/schema\/logo\/image\/\",\"url\":\"https:\/\/ubigroupec.com\/wp-content\/uploads\/2023\/06\/logo.png\",\"contentUrl\":\"https:\/\/ubigroupec.com\/wp-content\/uploads\/2023\/06\/logo.png\",\"width\":1024,\"height\":750,\"caption\":\"UBIGROUP\"},\"image\":{\"@id\":\"https:\/\/ubigroupec.com\/#\/schema\/logo\/image\/\"},\"sameAs\":[\"https:\/\/www.facebook.com\/UbagroS\/\",\"https:\/\/www.instagram.com\/ubi_group\/\"]}]}<\/script>\n<!-- \/ Yoast SEO plugin. -->","yoast_head_json":{"title":"Notiagro - Ubigroup","robots":{"index":"index","follow":"follow","max-snippet":"max-snippet:-1","max-image-preview":"max-image-preview:large","max-video-preview":"max-video-preview:-1"},"canonical":"https:\/\/ubigroupec.com\/en\/notiagro\/","og_locale":"en_US","og_type":"article","og_title":"Notiagro - Ubigroup","og_description":"Notiagro Mantente informado sobre a la gesti\u00f3n de UBIGROUP y todas sus empresas. UBIGROUP participa como invitado en Fruit Attraction- IFEMA MADRID 2022 diciembre 12, 2022 Ubagro S.A. empresa de Ubigroup- Distribuidor Exclusivo diciembre 12, 2022 Ubisilos S.A. inicia obra civil diciembre 12, 2022","og_url":"https:\/\/ubigroupec.com\/en\/notiagro\/","og_site_name":"Ubigroup","article_publisher":"https:\/\/www.facebook.com\/UbagroS\/","article_modified_time":"2023-03-13T15:53:15+00:00","og_image":[{"url":"https:\/\/ubigroupec.com\/wp-content\/uploads\/2022\/12\/e1.jpg","type":"","width":"","height":""}],"twitter_card":"summary_large_image","schema":{"@context":"https:\/\/schema.org","@graph":[{"@type":"WebPage","@id":"https:\/\/ubigroupec.com\/notiagro\/","url":"https:\/\/ubigroupec.com\/notiagro\/","name":"Notiagro - Ubigroup","isPartOf":{"@id":"https:\/\/ubigroupec.com\/#website"},"primaryImageOfPage":{"@id":"https:\/\/ubigroupec.com\/notiagro\/#primaryimage"},"image":{"@id":"https:\/\/ubigroupec.com\/notiagro\/#primaryimage"},"thumbnailUrl":"https:\/\/ubigroupec.com\/wp-content\/uploads\/2022\/12\/e1.jpg","datePublished":"2022-12-30T16:10:45+00:00","dateModified":"2023-03-13T15:53:15+00:00","breadcrumb":{"@id":"https:\/\/ubigroupec.com\/notiagro\/#breadcrumb"},"inLanguage":"en-US","potentialAction":[{"@type":"ReadAction","target":["https:\/\/ubigroupec.com\/notiagro\/"]}]},{"@type":"ImageObject","inLanguage":"en-US","@id":"https:\/\/ubigroupec.com\/notiagro\/#primaryimage","url":"https:\/\/ubigroupec.com\/wp-content\/uploads\/2022\/12\/e1.jpg","contentUrl":"https:\/\/ubigroupec.com\/wp-content\/uploads\/2022\/12\/e1.jpg"},{"@type":"BreadcrumbList","@id":"https:\/\/ubigroupec.com\/notiagro\/#breadcrumb","itemListElement":[{"@type":"ListItem","position":1,"name":"Portada","item":"https:\/\/ubigroupec.com\/"},{"@type":"ListItem","position":2,"name":"Notiagro"}]},{"@type":"WebSite","@id":"https:\/\/ubigroupec.com\/#website","url":"https:\/\/ubigroupec.com\/","name":"UBIGROUP","description":"Innovaci\u00f3n y tecnolog\u00eda agr\u00edcola","publisher":{"@id":"https:\/\/ubigroupec.com\/#organization"},"alternateName":"UBIGROUP","potentialAction":[{"@type":"SearchAction","target":{"@type":"EntryPoint","urlTemplate":"https:\/\/ubigroupec.com\/?s={search_term_string}"},"query-input":{"@type":"PropertyValueSpecification","valueRequired":true,"valueName":"search_term_string"}}],"inLanguage":"en-US"},{"@type":"Organization","@id":"https:\/\/ubigroupec.com\/#organization","name":"UBIGROUP","url":"https:\/\/ubigroupec.com\/","logo":{"@type":"ImageObject","inLanguage":"en-US","@id":"https:\/\/ubigroupec.com\/#\/schema\/logo\/image\/","url":"https:\/\/ubigroupec.com\/wp-content\/uploads\/2023\/06\/logo.png","contentUrl":"https:\/\/ubigroupec.com\/wp-content\/uploads\/2023\/06\/logo.png","width":1024,"height":750,"caption":"UBIGROUP"},"image":{"@id":"https:\/\/ubigroupec.com\/#\/schema\/logo\/image\/"},"sameAs":["https:\/\/www.facebook.com\/UbagroS\/","https:\/\/www.instagram.com\/ubi_group\/"]}]}},"_links":{"self":[{"href":"https:\/\/ubigroupec.com\/en\/wp-json\/wp\/v2\/pages\/333"}],"collection":[{"href":"https:\/\/ubigroupec.com\/en\/wp-json\/wp\/v2\/pages"}],"about":[{"href":"https:\/\/ubigroupec.com\/en\/wp-json\/wp\/v2\/types\/page"}],"author":[{"embeddable":true,"href":"https:\/\/ubigroupec.com\/en\/wp-json\/wp\/v2\/users\/1"}],"replies":[{"embeddable":true,"href":"https:\/\/ubigroupec.com\/en\/wp-json\/wp\/v2\/comments?post=333"}],"version-history":[{"count":23,"href":"https:\/\/ubigroupec.com\/en\/wp-json\/wp\/v2\/pages\/333\/revisions"}],"predecessor-version":[{"id":1446,"href":"https:\/\/ubigroupec.com\/en\/wp-json\/wp\/v2\/pages\/333\/revisions\/1446"}],"wp:attachment":[{"href":"https:\/\/ubigroupec.com\/en\/wp-json\/wp\/v2\/media?parent=333"}],"curies":[{"name":"wp","href":"https:\/\/api.w.org\/{rel}","templated":true}]}}